{"id":2,"date":"2025-06-01T21:13:37","date_gmt":"2025-06-01T21:13:37","guid":{"rendered":"http:\/\/w-mzt.olsztyn.pl\/?page_id=2"},"modified":"2025-06-09T16:19:34","modified_gmt":"2025-06-09T14:19:34","slug":"sample-page","status":"publish","type":"page","link":"https:\/\/w-mzt.olsztyn.pl\/?page_id=2","title":{"rendered":"Zarz\u0105d"},"content":{"rendered":"\n<ul class=\"wp-block-list\">\n<li>prezes Roman Pasyniuk tel. 603065819<\/li>\n\n\n\n<li>v-ce prezes d\/s organizacyjnych Miros\u0142aw Umbras tel. 600168531; mail. mumbras@wp.pl<\/li>\n<\/ul>\n\n\n\n<figure class=\"wp-block-table\"><table class=\"has-fixed-layout\"><thead><tr><th>Nazwisko lub Nazwa<\/th><th>Nazwisko drugi cz\u0142on<\/th><th>Imi\u0119 pierwsze<\/th><th>Imi\u0119 drugie<\/th><th>Funkcja<\/th><\/tr><\/thead><tbody><tr><td>PASYNIUK<\/td><td>&#8211;<\/td><td>ROMAN<\/td><td><\/td><td>PREZES<\/td><\/tr><tr><td>UMBRAS<\/td><td>&#8211;<\/td><td>MIROS\u0141AW<\/td><td>&#8211;<\/td><td>WICEPREZES<\/td><\/tr><tr><td>PENKALSKI<\/td><td>&#8211;<\/td><td>WOJCIECH<\/td><td>ADAM<\/td><td>WICEPREZES<\/td><\/tr><tr><td>SOSNOWSKI<\/td><td>&#8211;<\/td><td>RYSZARD<\/td><td>ALEKSANDER<\/td><td>WICEPREZES<\/td><\/tr><tr><td>STEFANOWICZ<\/td><td>&#8211;<\/td><td>MARIUSZ<\/td><td>MARCIN<\/td><td>SEKRETARZ<\/td><\/tr><tr><td>MATUSZEWSKI<\/td><td>&#8211;<\/td><td>IWONA<\/td><td>PATRYCJA<\/td><td>SKARBNIK<\/td><\/tr><tr><td>CHMIELEWSKI<\/td><td>&#8211;<\/td><td>MARCIN<\/td><td>&#8211;<\/td><td>CZ\u0141ONEK<\/td><\/tr><tr><td>SKOREK<\/td><td>&#8211;<\/td><td>PIOTR<\/td><td>WOJCIECH<\/td><td>CZ\u0141ONEK<\/td><\/tr><tr><td>FERENIEC<\/td><td>&#8211;<\/td><td>ALEKSANDER<\/td><td>WOJCIECH<\/td><td>CZ\u0141ONEK<\/td><\/tr><\/tbody><\/table><\/figure>\n","protected":false},"excerpt":{"rendered":"<p>Nazwisko lub Nazwa Nazwisko drugi cz\u0142on Imi\u0119 pierwsze Imi\u0119 drugie Funkcja PASYNIUK &#8211; ROMAN PREZES UMBRAS &#8211; MIROS\u0141AW &#8211; WICEPREZES PENKALSKI &#8211; WOJCIECH ADAM WICEPREZES SOSNOWSKI &#8211; RYSZARD ALEKSANDER WICEPREZES [&hellip;]<\/p>\n","protected":false},"author":1,"featured_media":0,"parent":0,"menu_order":0,"comment_status":"closed","ping_status":"open","template":"","meta":{"site-sidebar-layout":"default","site-content-layout":"","ast-site-content-layout":"","site-content-style":"default","site-sidebar-style":"default","ast-global-header-display":"","ast-banner-title-visibility":"","ast-main-header-display":"","ast-hfb-above-header-display":"","ast-hfb-below-header-display":"","ast-hfb-mobile-header-display":"","site-post-title":"","ast-breadcrumbs-content":"","ast-featured-img":"","footer-sml-layout":"","theme-transparent-header-meta":"","adv-header-id-meta":"","stick-header-meta":"","header-above-stick-meta":"","header-main-stick-meta":"","header-below-stick-meta":"","astra-migrate-meta-layouts":"default","ast-page-background-enabled":"default","ast-page-background-meta":{"desktop":{"background-color":"var(--ast-global-color-5)","background-image":"","background-repeat":"repeat","background-position":"center center","background-size":"auto","background-attachment":"scroll","background-type":"","background-media":"","overlay-type":"","overlay-color":"","overlay-opacity":"","overlay-gradient":""},"tablet":{"background-color":"","background-image":"","background-repeat":"repeat","background-position":"center center","background-size":"auto","background-attachment":"scroll","background-type":"","background-media":"","overlay-type":"","overlay-color":"","overlay-opacity":"","overlay-gradient":""},"mobile":{"background-color":"","background-image":"","background-repeat":"repeat","background-position":"center center","background-size":"auto","background-attachment":"scroll","background-type":"","background-media":"","overlay-type":"","overlay-color":"","overlay-opacity":"","overlay-gradient":""}},"ast-content-background-meta":{"desktop":{"background-color":"var(--ast-global-color-4)","background-image":"","background-repeat":"repeat","background-position":"center center","background-size":"auto","background-attachment":"scroll","background-type":"","background-media":"","overlay-type":"","overlay-color":"","overlay-opacity":"","overlay-gradient":""},"tablet":{"background-color":"var(--ast-global-color-4)","background-image":"","background-repeat":"repeat","background-position":"center center","background-size":"auto","background-attachment":"scroll","background-type":"","background-media":"","overlay-type":"","overlay-color":"","overlay-opacity":"","overlay-gradient":""},"mobile":{"background-color":"var(--ast-global-color-4)","background-image":"","background-repeat":"repeat","background-position":"center center","background-size":"auto","background-attachment":"scroll","background-type":"","background-media":"","overlay-type":"","overlay-color":"","overlay-opacity":"","overlay-gradient":""}},"footnotes":""},"class_list":["post-2","page","type-page","status-publish","hentry"],"_links":{"self":[{"href":"https:\/\/w-mzt.olsztyn.pl\/index.php?rest_route=\/wp\/v2\/pages\/2","targetHints":{"allow":["GET"]}}],"collection":[{"href":"https:\/\/w-mzt.olsztyn.pl\/index.php?rest_route=\/wp\/v2\/pages"}],"about":[{"href":"https:\/\/w-mzt.olsztyn.pl\/index.php?rest_route=\/wp\/v2\/types\/page"}],"author":[{"embeddable":true,"href":"https:\/\/w-mzt.olsztyn.pl\/index.php?rest_route=\/wp\/v2\/users\/1"}],"replies":[{"embeddable":true,"href":"https:\/\/w-mzt.olsztyn.pl\/index.php?rest_route=%2Fwp%2Fv2%2Fcomments&post=2"}],"version-history":[{"count":9,"href":"https:\/\/w-mzt.olsztyn.pl\/index.php?rest_route=\/wp\/v2\/pages\/2\/revisions"}],"predecessor-version":[{"id":290,"href":"https:\/\/w-mzt.olsztyn.pl\/index.php?rest_route=\/wp\/v2\/pages\/2\/revisions\/290"}],"wp:attachment":[{"href":"https:\/\/w-mzt.olsztyn.pl\/index.php?rest_route=%2Fwp%2Fv2%2Fmedia&parent=2"}],"curies":[{"name":"wp","href":"https:\/\/api.w.org\/{rel}","templated":true}]}}